{"id":2231,"date":"2016-07-08T20:27:17","date_gmt":"2016-07-08T20:27:17","guid":{"rendered":"http:\/\/www.lemondedeleonardo.com\/?page_id=2231"},"modified":"2022-08-27T15:31:19","modified_gmt":"2022-08-27T15:31:19","slug":"home","status":"publish","type":"page","link":"https:\/\/www.lemondedeleonardo.com\/","title":{"rendered":"Benvenuti nel mondo di Leonardo"},"content":{"rendered":"<div><img decoding=\"async\" loading=\"lazy\" class=\"size-full wp-image-2326 alignleft\" src=\"http:\/\/www.lemondedeleonardo.com\/wp-content\/uploads\/2016\/07\/italy.jpg\" alt=\"italy\" width=\"49\" height=\"30\" \/> Leonardo \u00e8 un ragazzo di 13 anni (\u00e8 nato nel 2009) che ha una grande passione per la musica, il disegno, la scultura e le arti grafiche in genere. Ha manifestato questo suo talento molto presto, infatti ben prima di camminare ha cominciato a disegnare sulla lavagna e sulla lavagnetta magica. Leonardo disegna, dipinge o modella quasi tutti i giorni e i notevoli progressi che ha compiuto sono evidenti attraverso la comparazione cronologica dei suoi lavori. In questo sito abbiamo deciso di pubblicare una selezione di opere per condividere la creativit\u00e0 di Leonardo con parenti e amici e chiunque ami l&#8217;arte in qualunque forma si presenti.<\/div>\n<div>I lavori di Leonardo sono classificati cronologicamente e il suo mondo \u00e8 popolato da animali, piante e personaggi delle fiabe: folletti, streghe, sirene e soprattutto principesse i cui abiti, accessori e acconciature sono particolarmente curati nei minimi dettagli. La sua passione per gli abiti femminili si manifesta attraverso una grande produzione di disegni raggruppati in una sezione dedicata alla moda.<\/div>\n<div>Recentemente ha manifestato un grande interesse per i fumetti e i manga oltre che per i grandi maestri del Rinascimento.<\/div>\n<div><\/div>\n<div><\/div>\n<div>\n<hr \/>\n<\/div>\n<div><\/div>\n<div><\/div>\n<div><img decoding=\"async\" loading=\"lazy\" class=\"size-full wp-image-2327 alignleft\" src=\"http:\/\/www.lemondedeleonardo.com\/wp-content\/uploads\/2016\/07\/france.jpg\" alt=\"france\" width=\"49\" height=\"30\" \/>Leonardo est un gar\u00e7on de 13 ans (il est n\u00e9 en 2009) qui aime beaucoup la musique, le dessin, la sculpture et bricoler. Il a montr\u00e9 son talent tr\u00e8s t\u00f4t, en effet avant de marcher a commenc\u00e9 \u00e0 dessiner sur le tableau magique et l&#8217;ardoise. Leonardo dessine, peint ou mod\u00e8le presque tous les jours et a fait des progr\u00e8s significatifs qui se manifestent en comparant chronologiquement ses oeuvres. Dans ce site nous avons d\u00e9cid\u00e9 de publier une s\u00e9lection des oeuvres pour partager la cr\u00e9ativit\u00e9 de Leonardo avec la famille, les amis et ceux qui aiment l&#8217;art sous n&#8217;importe quelle forme elle s&#8217;affiche.<\/div>\n<div>Les oeuvres de Leonardo sont class\u00e9es chronologiquement et son monde est peupl\u00e9 des animaux, des plantes et des personnages de contes de f\u00e9es: lutins, sonci\u00e8res, sir\u00e8nes et surtout princesses dont les v\u00eatements, accessoires et coiffures sont particuli\u00e8rement laborieux. Sa passion pour les v\u00eatements f\u00e9minins se manifeste par une grande production de dessins regroup\u00e9e dans une section d\u00e9di\u00e9e \u00e0 la mode.<\/div>\n<div>R\u00e9cemment, il a montr\u00e9 un grand int\u00e9r\u00eat pour les bandes dessin\u00e9es et les mangas, ainsi que pour les grands ma\u00eetres de la Renaissance.<\/div>\n<div id=\"themify_builder_content-2231\" data-postid=\"2231\" class=\"themify_builder_content themify_builder_content-2231 themify_builder themify_builder_front\">\n\n\t<\/div>\n<!-- \/themify_builder_content -->","protected":false},"excerpt":{"rendered":"<p>Leonardo \u00e8 un ragazzo di 13 anni (\u00e8 nato nel 2009) che ha una grande passione per la musica, il disegno, la scultura e le arti grafiche in genere. Ha manifestato questo suo talento molto presto, infatti ben prima di camminare ha cominciato a disegnare sulla lavagna e sulla lavagnetta magica. Leonardo disegna, dipinge o [&hellip;]<\/p>\n","protected":false},"author":1,"featured_media":0,"parent":0,"menu_order":1,"comment_status":"closed","ping_status":"closed","template":"","meta":[],"_links":{"self":[{"href":"https:\/\/www.lemondedeleonardo.com\/index.php?rest_route=\/wp\/v2\/pages\/2231"}],"collection":[{"href":"https:\/\/www.lemondedeleonardo.com\/index.php?rest_route=\/wp\/v2\/pages"}],"about":[{"href":"https:\/\/www.lemondedeleonardo.com\/index.php?rest_route=\/wp\/v2\/types\/page"}],"author":[{"embeddable":true,"href":"https:\/\/www.lemondedeleonardo.com\/index.php?rest_route=\/wp\/v2\/users\/1"}],"replies":[{"embeddable":true,"href":"https:\/\/www.lemondedeleonardo.com\/index.php?rest_route=%2Fwp%2Fv2%2Fcomments&post=2231"}],"version-history":[{"count":17,"href":"https:\/\/www.lemondedeleonardo.com\/index.php?rest_route=\/wp\/v2\/pages\/2231\/revisions"}],"predecessor-version":[{"id":3452,"href":"https:\/\/www.lemondedeleonardo.com\/index.php?rest_route=\/wp\/v2\/pages\/2231\/revisions\/3452"}],"wp:attachment":[{"href":"https:\/\/www.lemondedeleonardo.com\/index.php?rest_route=%2Fwp%2Fv2%2Fmedia&parent=2231"}],"curies":[{"name":"wp","href":"https:\/\/api.w.org\/{rel}","templated":true}]}}