{"id":2240,"date":"2016-07-08T20:39:01","date_gmt":"2016-07-08T20:39:01","guid":{"rendered":"http:\/\/www.lemondedeleonardo.com\/?page_id=2240"},"modified":"2016-07-09T19:34:59","modified_gmt":"2016-07-09T19:34:59","slug":"mes-dessins","status":"publish","type":"page","link":"https:\/\/www.lemondedeleonardo.com\/?page_id=2240","title":{"rendered":"Mes Dessins"},"content":{"rendered":"<h2>La Mode<\/h2>\n<p>L&#8217;originalit\u00e0 dei disegni di Leonardo \u00e8 soprendente considerando che nel suo ambiente familiare non subisce alcuna influenza legata alla moda. Leonardo non ha mai sfogliato una rivista di moda e non guarda la TV ma DVD di cartoni animati selezionati dai suoi genitori.<\/p>\n<div><\/div>\n<div>L&#8217;originalit\u00e9 des dessins de Leonardo est surprenant \u00e9tant donn\u00e9 que dans son milieu familial ne subit pas d&#8217;influence li\u00e9e \u00e0 la mode.Leonardo n&#8217;a jamais feuillett\u00e9 un magazine de mode et ne regarde pas la t\u00e9l\u00e9, mais des DVD de dessins anim\u00e9s choisis pas ses parents.<\/div>\n<div>\n<hr \/>\n<\/div>\n<div><a href=\"http:\/\/www.lemondedeleonardo.com\/?cat=19\">Lien vers la Mode de Leonardo<\/a><\/div>\n<h2>Sir\u00e8nes<\/h2>\n<div>\n<div>Leonardo \u00e8 affascinato dal mondo sottomarino e spesso disegna delle sirene. I suoi disegni sono anche ispirati dai giocattoli ed in particolare dalle bambole della serie Monster High di cui apprezza particolarmente gli abiti, gli accessori e il maquillage al punto di inventare nuovi personaggi ispirati a questa serie.<\/div>\n<div><\/div>\n<div>Leonardo est fascin\u00e9 par le monde sous-marin et dessine souvent des sir\u00e8nes. Ses dessins sont inspir\u00e9s par les jouets et en particulier de la s\u00e9rie Monter High dont il appr\u00e9cie les v\u00eatements, les accessoires et le maquillage au point d&#8217;inventer de nouveaux personnages inspir\u00e9es par cette s\u00e9rie<\/div>\n<div>\n<hr \/>\n<p><a href=\"http:\/\/www.lemondedeleonardo.com\/?cat=20\">Lien vers le Siren\u00e9s<\/a><\/div>\n<div><\/div>\n<\/div>\n<div id=\"themify_builder_content-2240\" data-postid=\"2240\" class=\"themify_builder_content themify_builder_content-2240 themify_builder themify_builder_front\">\n\n\t<\/div>\n<!-- \/themify_builder_content -->","protected":false},"excerpt":{"rendered":"<p>La Mode L&#8217;originalit\u00e0 dei disegni di Leonardo \u00e8 soprendente considerando che nel suo ambiente familiare non subisce alcuna influenza legata alla moda. Leonardo non ha mai sfogliato una rivista di moda e non guarda la TV ma DVD di cartoni animati selezionati dai suoi genitori. L&#8217;originalit\u00e9 des dessins de Leonardo est surprenant \u00e9tant donn\u00e9 que [&hellip;]<\/p>\n","protected":false},"author":1,"featured_media":0,"parent":0,"menu_order":13,"comment_status":"closed","ping_status":"closed","template":"","meta":[],"_links":{"self":[{"href":"https:\/\/www.lemondedeleonardo.com\/index.php?rest_route=\/wp\/v2\/pages\/2240"}],"collection":[{"href":"https:\/\/www.lemondedeleonardo.com\/index.php?rest_route=\/wp\/v2\/pages"}],"about":[{"href":"https:\/\/www.lemondedeleonardo.com\/index.php?rest_route=\/wp\/v2\/types\/page"}],"author":[{"embeddable":true,"href":"https:\/\/www.lemondedeleonardo.com\/index.php?rest_route=\/wp\/v2\/users\/1"}],"replies":[{"embeddable":true,"href":"https:\/\/www.lemondedeleonardo.com\/index.php?rest_route=%2Fwp%2Fv2%2Fcomments&post=2240"}],"version-history":[{"count":15,"href":"https:\/\/www.lemondedeleonardo.com\/index.php?rest_route=\/wp\/v2\/pages\/2240\/revisions"}],"predecessor-version":[{"id":2566,"href":"https:\/\/www.lemondedeleonardo.com\/index.php?rest_route=\/wp\/v2\/pages\/2240\/revisions\/2566"}],"wp:attachment":[{"href":"https:\/\/www.lemondedeleonardo.com\/index.php?rest_route=%2Fwp%2Fv2%2Fmedia&parent=2240"}],"curies":[{"name":"wp","href":"https:\/\/api.w.org\/{rel}","templated":true}]}}